{"id":73,"date":"2014-08-01T19:06:40","date_gmt":"2014-08-01T16:06:40","guid":{"rendered":"http:\/\/latitude64.org\/rajalla\/?page_id=73"},"modified":"2014-08-24T19:34:41","modified_gmt":"2014-08-24T16:34:41","slug":"galleria","status":"publish","type":"page","link":"https:\/\/latitude64.org\/rajalla\/?page_id=73","title":{"rendered":"Galleria"},"content":{"rendered":"<p>Kamarimusiikin kannatusyhdistyksen galleriaksi muutettu varastotila on geometrisesti mielenkiintoinen n\u00e4yttely-ymp\u00e4rist\u00f6, joka tarjoaa impulsseja rakennetta huomioivalle n\u00e4yttelyarkitehdille.<\/p>\n<p><a href=\"http:\/\/latitude64.org\/rajalla\/wp-content\/uploads\/2014\/08\/juha_ari_779.jpg\"><img loading=\"lazy\" class=\"aligncenter size-full wp-image-74\" src=\"http:\/\/latitude64.org\/rajalla\/wp-content\/uploads\/2014\/08\/juha_ari_779.jpg\" alt=\"Gallerian\u00e4kym\u00e4\" width=\"779\" height=\"331\" srcset=\"https:\/\/latitude64.org\/rajalla\/wp-content\/uploads\/2014\/08\/juha_ari_779.jpg 779w, https:\/\/latitude64.org\/rajalla\/wp-content\/uploads\/2014\/08\/juha_ari_779-300x127.jpg 300w\" sizes=\"(max-width: 779px) 100vw, 779px\" \/><\/a><\/p>\n<p>Ryhm\u00e4n\u00e4yttelyn onnistumisen edellytyksen\u00e4 on, ett\u00e4 n\u00e4ytteille asetut ty\u00f6t k\u00e4yv\u00e4t vuoropuhelua toistensa kanssa.<\/p>\n<p><a href=\"http:\/\/latitude64.org\/rajalla\/wp-content\/uploads\/2014\/08\/klaus_ari_779.jpg\"><img loading=\"lazy\" class=\"aligncenter size-full wp-image-76\" src=\"http:\/\/latitude64.org\/rajalla\/wp-content\/uploads\/2014\/08\/klaus_ari_779.jpg\" alt=\"Gallerian\u00e4kym\u00e4 l\u00e4nteen\" width=\"779\" height=\"247\" srcset=\"https:\/\/latitude64.org\/rajalla\/wp-content\/uploads\/2014\/08\/klaus_ari_779.jpg 779w, https:\/\/latitude64.org\/rajalla\/wp-content\/uploads\/2014\/08\/klaus_ari_779-300x95.jpg 300w\" sizes=\"(max-width: 779px) 100vw, 779px\" \/><\/a><\/p>\n<p>Odysseian arvoituksien\u00a0vastaukset l\u00f6ytyv\u00e4t my\u00f6s rajaseudun ymp\u00e4rist\u00f6st\u00e4.<\/p>\n<p><a href=\"http:\/\/latitude64.org\/rajalla\/wp-content\/uploads\/2014\/08\/ville_ari_779.jpg\"><img loading=\"lazy\" class=\"aligncenter size-full wp-image-78\" src=\"http:\/\/latitude64.org\/rajalla\/wp-content\/uploads\/2014\/08\/ville_ari_779.jpg\" alt=\"Gallerian\u00e4kym\u00e4 etel\u00e4\u00e4n\" width=\"779\" height=\"405\" srcset=\"https:\/\/latitude64.org\/rajalla\/wp-content\/uploads\/2014\/08\/ville_ari_779.jpg 779w, https:\/\/latitude64.org\/rajalla\/wp-content\/uploads\/2014\/08\/ville_ari_779-300x155.jpg 300w\" sizes=\"(max-width: 779px) 100vw, 779px\" \/><\/a><\/p>\n<p>Lasse Naukkarinen esitt\u00e4ytyi pohjakerroksessa &#8217;Kudottu muistikirja&#8217;\u00a0-elokuvaesityksien v\u00e4lityksell\u00e4: &#8221;Virheet n\u00e4kyv\u00e4t aina. Erityisesti n\u00e4iss\u00e4 kuvakudoksissa.&#8221;<\/p>\n<p><a href=\"http:\/\/latitude64.org\/rajalla\/wp-content\/uploads\/2014\/08\/lasse_ari_779.jpg\"><img loading=\"lazy\" class=\"aligncenter size-full wp-image-81\" src=\"http:\/\/latitude64.org\/rajalla\/wp-content\/uploads\/2014\/08\/lasse_ari_779.jpg\" alt=\"Gallerian\u00e4kym\u00e4, pohjakerros\" width=\"779\" height=\"519\" srcset=\"https:\/\/latitude64.org\/rajalla\/wp-content\/uploads\/2014\/08\/lasse_ari_779.jpg 779w, https:\/\/latitude64.org\/rajalla\/wp-content\/uploads\/2014\/08\/lasse_ari_779-300x199.jpg 300w\" sizes=\"(max-width: 779px) 100vw, 779px\" \/><\/a><\/p>\n<p><em>Valokuvat: Klaus von Matt<\/em><\/p>\n<p>&nbsp;<\/p>\n","protected":false},"excerpt":{"rendered":"<p>Kamarimusiikin kannatusyhdistyksen galleriaksi muutettu varastotila on geometrisesti mielenkiintoinen n\u00e4yttely-ymp\u00e4rist\u00f6, joka tarjoaa impulsseja rakennetta huomioivalle n\u00e4yttelyarkitehdille. Ryhm\u00e4n\u00e4yttelyn onnistumisen edellytyksen\u00e4 on, ett\u00e4 n\u00e4ytteille asetut ty\u00f6t k\u00e4yv\u00e4t vuoropuhelua toistensa kanssa. Odysseian arvoituksien\u00a0vastaukset l\u00f6ytyv\u00e4t my\u00f6s rajaseudun ymp\u00e4rist\u00f6st\u00e4. Lasse Naukkarinen esitt\u00e4ytyi pohjakerroksessa &#8217;Kudottu muistikirja&#8217;\u00a0-elokuvaesityksien v\u00e4lityksell\u00e4: &#8221;Virheet n\u00e4kyv\u00e4t aina. Erityisesti n\u00e4iss\u00e4 kuvakudoksissa.&#8221; Valokuvat: Klaus von Matt &nbsp;<\/p>\n","protected":false},"author":1,"featured_media":0,"parent":0,"menu_order":10,"comment_status":"closed","ping_status":"closed","template":"","meta":[],"_links":{"self":[{"href":"https:\/\/latitude64.org\/rajalla\/index.php?rest_route=\/wp\/v2\/pages\/73"}],"collection":[{"href":"https:\/\/latitude64.org\/rajalla\/index.php?rest_route=\/wp\/v2\/pages"}],"about":[{"href":"https:\/\/latitude64.org\/rajalla\/index.php?rest_route=\/wp\/v2\/types\/page"}],"author":[{"embeddable":true,"href":"https:\/\/latitude64.org\/rajalla\/index.php?rest_route=\/wp\/v2\/users\/1"}],"replies":[{"embeddable":true,"href":"https:\/\/latitude64.org\/rajalla\/index.php?rest_route=%2Fwp%2Fv2%2Fcomments&post=73"}],"version-history":[{"count":8,"href":"https:\/\/latitude64.org\/rajalla\/index.php?rest_route=\/wp\/v2\/pages\/73\/revisions"}],"predecessor-version":[{"id":87,"href":"https:\/\/latitude64.org\/rajalla\/index.php?rest_route=\/wp\/v2\/pages\/73\/revisions\/87"}],"wp:attachment":[{"href":"https:\/\/latitude64.org\/rajalla\/index.php?rest_route=%2Fwp%2Fv2%2Fmedia&parent=73"}],"curies":[{"name":"wp","href":"https:\/\/api.w.org\/{rel}","templated":true}]}}