{"id":64,"date":"2014-07-21T21:38:13","date_gmt":"2014-07-21T18:38:13","guid":{"rendered":"http:\/\/latitude64.org\/rajalla\/?page_id=64"},"modified":"2014-08-24T19:28:18","modified_gmt":"2014-08-24T16:28:18","slug":"avajaiset","status":"publish","type":"page","link":"https:\/\/latitude64.org\/rajalla\/?page_id=64","title":{"rendered":"Avajaiset"},"content":{"rendered":"<p>&#8217;Rajalla&#8217;-n\u00e4yttely avattiin yleis\u00f6lle 15.7.2014 pidetyss\u00e4 tilaisuudessa. Avajaispuheessa kiiteltiin Kamarimusiikin kannatusyhdystyksen rohkeata panostusta uudistettuun valaistustekniikkaan.<\/p>\n<p><img loading=\"lazy\" class=\"aligncenter size-full wp-image-66\" src=\"http:\/\/latitude64.org\/rajalla\/wp-content\/uploads\/2014\/07\/avajaiset_little_piece_750.jpg\" alt=\"avajaiset_little_piece_750\" width=\"750\" height=\"652\" srcset=\"https:\/\/latitude64.org\/rajalla\/wp-content\/uploads\/2014\/07\/avajaiset_little_piece_750.jpg 750w, https:\/\/latitude64.org\/rajalla\/wp-content\/uploads\/2014\/07\/avajaiset_little_piece_750-300x260.jpg 300w\" sizes=\"(max-width: 750px) 100vw, 750px\" \/><\/p>\n<p>Dokumentaristi ei voi pid\u00e4tt\u00e4yty\u00e4 kutsumuksestaan omassa n\u00e4yttelyss\u00e4k\u00e4\u00e4n. Lasse Naukkarista ikuistaa Jukka-Pekka Kuuselan mestarillista tulkintaa Sergei Berinskyn Partitasta.<\/p>\n<p><a href=\"http:\/\/latitude64.org\/rajalla\/wp-content\/uploads\/2014\/07\/avajaiset_ja_mama_750.jpg\"><img loading=\"lazy\" class=\"aligncenter size-full wp-image-65\" src=\"http:\/\/latitude64.org\/rajalla\/wp-content\/uploads\/2014\/07\/avajaiset_ja_mama_750.jpg\" alt=\"Jukka-Pekka Kuusela \" width=\"750\" height=\"625\" srcset=\"https:\/\/latitude64.org\/rajalla\/wp-content\/uploads\/2014\/07\/avajaiset_ja_mama_750.jpg 750w, https:\/\/latitude64.org\/rajalla\/wp-content\/uploads\/2014\/07\/avajaiset_ja_mama_750-300x250.jpg 300w\" sizes=\"(max-width: 750px) 100vw, 750px\" \/><\/a><\/p>\n<p>Sanotaan, ett\u00e4 v\u00e4ri saa erilaisia tulkintoja ymp\u00e4rist\u00f6n mukaisesti. Valitsiko kuvakudos yleis\u00f6ns\u00e4, vai p\u00e4invastoin? Klaus von Mattin auringonnousukuvat kytkeytyv\u00e4t n\u00e4yttely\u00e4 edelt\u00e4v\u00e4\u00e4n juhannukseen.<\/p>\n<p><em>\u00a0Valokuvat: Juha Sven Korhonen<\/em><\/p>\n<p>&nbsp;<\/p>\n<p>&nbsp;<\/p>\n","protected":false},"excerpt":{"rendered":"<p>&#8217;Rajalla&#8217;-n\u00e4yttely avattiin yleis\u00f6lle 15.7.2014 pidetyss\u00e4 tilaisuudessa. Avajaispuheessa kiiteltiin Kamarimusiikin kannatusyhdystyksen rohkeata panostusta uudistettuun valaistustekniikkaan. Dokumentaristi ei voi pid\u00e4tt\u00e4yty\u00e4 kutsumuksestaan omassa n\u00e4yttelyss\u00e4k\u00e4\u00e4n. Lasse Naukkarista ikuistaa Jukka-Pekka Kuuselan mestarillista tulkintaa Sergei Berinskyn Partitasta. Sanotaan, ett\u00e4 v\u00e4ri saa erilaisia tulkintoja ymp\u00e4rist\u00f6n mukaisesti. Valitsiko kuvakudos yleis\u00f6ns\u00e4, vai p\u00e4invastoin? Klaus von Mattin auringonnousukuvat kytkeytyv\u00e4t n\u00e4yttely\u00e4 edelt\u00e4v\u00e4\u00e4n juhannukseen. \u00a0Valokuvat: Juha Sven [&hellip;]<\/p>\n","protected":false},"author":1,"featured_media":0,"parent":0,"menu_order":2,"comment_status":"closed","ping_status":"closed","template":"","meta":[],"_links":{"self":[{"href":"https:\/\/latitude64.org\/rajalla\/index.php?rest_route=\/wp\/v2\/pages\/64"}],"collection":[{"href":"https:\/\/latitude64.org\/rajalla\/index.php?rest_route=\/wp\/v2\/pages"}],"about":[{"href":"https:\/\/latitude64.org\/rajalla\/index.php?rest_route=\/wp\/v2\/types\/page"}],"author":[{"embeddable":true,"href":"https:\/\/latitude64.org\/rajalla\/index.php?rest_route=\/wp\/v2\/users\/1"}],"replies":[{"embeddable":true,"href":"https:\/\/latitude64.org\/rajalla\/index.php?rest_route=%2Fwp%2Fv2%2Fcomments&post=64"}],"version-history":[{"count":3,"href":"https:\/\/latitude64.org\/rajalla\/index.php?rest_route=\/wp\/v2\/pages\/64\/revisions"}],"predecessor-version":[{"id":71,"href":"https:\/\/latitude64.org\/rajalla\/index.php?rest_route=\/wp\/v2\/pages\/64\/revisions\/71"}],"wp:attachment":[{"href":"https:\/\/latitude64.org\/rajalla\/index.php?rest_route=%2Fwp%2Fv2%2Fmedia&parent=64"}],"curies":[{"name":"wp","href":"https:\/\/api.w.org\/{rel}","templated":true}]}}