{"id":47,"date":"2014-07-21T21:19:44","date_gmt":"2014-07-21T18:19:44","guid":{"rendered":"http:\/\/latitude64.org\/rajalla\/?page_id=47"},"modified":"2014-08-24T19:27:39","modified_gmt":"2014-08-24T16:27:39","slug":"rakentaminen","status":"publish","type":"page","link":"https:\/\/latitude64.org\/rajalla\/","title":{"rendered":"Rakentaminen"},"content":{"rendered":"<p>Vuonna 2010 Latitude 64. Leveyspiiri -ryhm\u00e4 loi\u00a0gallerian Kamarimusiikin kannatusyhdistyksen omistamaan varastorakennukseen gallerian. N\u00e4yttelyn otsikkona oli &#8217;Kuteena taivas, loimena maa&#8217;. Kannatusyhdistys tarttui ideaan ja on sen j\u00e4lkeen parantanut n\u00e4yttelytilan puitteita.<\/p>\n<p><a href=\"http:\/\/latitude64.org\/rajalla\/wp-content\/uploads\/2014\/07\/ariadna_ja_klaus_rakentamassa_galleriaa_750.jpg\"><img loading=\"lazy\" class=\"aligncenter size-full wp-image-51\" src=\"http:\/\/latitude64.org\/rajalla\/wp-content\/uploads\/2014\/07\/ariadna_ja_klaus_rakentamassa_galleriaa_750.jpg\" alt=\"Ariadna kokeilee Klausin panoraama kuvan paikkaa\" width=\"750\" height=\"563\" srcset=\"https:\/\/latitude64.org\/rajalla\/wp-content\/uploads\/2014\/07\/ariadna_ja_klaus_rakentamassa_galleriaa_750.jpg 750w, https:\/\/latitude64.org\/rajalla\/wp-content\/uploads\/2014\/07\/ariadna_ja_klaus_rakentamassa_galleriaa_750-300x225.jpg 300w\" sizes=\"(max-width: 750px) 100vw, 750px\" \/><\/a>T\u00e4m\u00e4nkertaisen n\u00e4yttelyn otsikkona on &#8217;Rajalla&#8217;. Kiehtovassa ymp\u00e4rist\u00f6ss\u00e4 syntyy monta assosiaatiota. T\u00e4ss\u00e4 Ariadna Donner kokeilee miten Klaus von Mattin pystysuunnassa kuvaama 360 asteen n\u00e4kym\u00e4 sijoittuu kamarimusiikkipuistoa vasten.<\/p>\n<p><a href=\"http:\/\/latitude64.org\/rajalla\/wp-content\/uploads\/2014\/07\/ariadna_ja_klaus_taustalla_js_korhonen_750.jpg\"><img loading=\"lazy\" class=\"aligncenter size-full wp-image-53\" src=\"http:\/\/latitude64.org\/rajalla\/wp-content\/uploads\/2014\/07\/ariadna_ja_klaus_taustalla_js_korhonen_750.jpg\" alt=\"Ripustustelineiden mittaaminen on tarkkaa ty\u00f6t\u00e4\" width=\"750\" height=\"675\" srcset=\"https:\/\/latitude64.org\/rajalla\/wp-content\/uploads\/2014\/07\/ariadna_ja_klaus_taustalla_js_korhonen_750.jpg 750w, https:\/\/latitude64.org\/rajalla\/wp-content\/uploads\/2014\/07\/ariadna_ja_klaus_taustalla_js_korhonen_750-300x270.jpg 300w\" sizes=\"(max-width: 750px) 100vw, 750px\" \/><\/a><\/p>\n<p>Ripustuksessa kokeiltiin erilaisia rakenteita. Petsattu haaparima istui\u00a0parhaiten olemassa oleviin puurakenteisiin. Klaus von Matt mittaa riman korkeutta. Taustalla Juha Sven Korhosen Kekkostie ja Hirvivaara -ty\u00f6t.<\/p>\n<p><img loading=\"lazy\" class=\"aligncenter size-full wp-image-54\" src=\"http:\/\/latitude64.org\/rajalla\/wp-content\/uploads\/2014\/07\/valmis_galleria_nakyma_750.jpg\" alt=\"valmis_galleria_nakyma_750\" width=\"750\" height=\"563\" srcset=\"https:\/\/latitude64.org\/rajalla\/wp-content\/uploads\/2014\/07\/valmis_galleria_nakyma_750.jpg 750w, https:\/\/latitude64.org\/rajalla\/wp-content\/uploads\/2014\/07\/valmis_galleria_nakyma_750-300x225.jpg 300w\" sizes=\"(max-width: 750px) 100vw, 750px\" \/><\/p>\n<p>Valmiissa galleriatilassa pit\u00e4\u00e4 huomioida my\u00f6s yleis\u00f6n turvallisuus. Viimeistellyss\u00e4 huoneessa Ville Heikkisen luontokuvat ja Valo varjossa -kuvakudos.<\/p>\n<p><em>Valokuvat: Juha Sven Korhonen<\/em><\/p>\n<p>&nbsp;<\/p>\n","protected":false},"excerpt":{"rendered":"<p>Vuonna 2010 Latitude 64. Leveyspiiri -ryhm\u00e4 loi\u00a0gallerian Kamarimusiikin kannatusyhdistyksen omistamaan varastorakennukseen gallerian. N\u00e4yttelyn otsikkona oli &#8217;Kuteena taivas, loimena maa&#8217;. Kannatusyhdistys tarttui ideaan ja on sen j\u00e4lkeen parantanut n\u00e4yttelytilan puitteita. T\u00e4m\u00e4nkertaisen n\u00e4yttelyn otsikkona on &#8217;Rajalla&#8217;. Kiehtovassa ymp\u00e4rist\u00f6ss\u00e4 syntyy monta assosiaatiota. T\u00e4ss\u00e4 Ariadna Donner kokeilee miten Klaus von Mattin pystysuunnassa kuvaama 360 asteen n\u00e4kym\u00e4 sijoittuu kamarimusiikkipuistoa vasten. [&hellip;]<\/p>\n","protected":false},"author":1,"featured_media":0,"parent":0,"menu_order":1,"comment_status":"closed","ping_status":"closed","template":"","meta":[],"_links":{"self":[{"href":"https:\/\/latitude64.org\/rajalla\/index.php?rest_route=\/wp\/v2\/pages\/47"}],"collection":[{"href":"https:\/\/latitude64.org\/rajalla\/index.php?rest_route=\/wp\/v2\/pages"}],"about":[{"href":"https:\/\/latitude64.org\/rajalla\/index.php?rest_route=\/wp\/v2\/types\/page"}],"author":[{"embeddable":true,"href":"https:\/\/latitude64.org\/rajalla\/index.php?rest_route=\/wp\/v2\/users\/1"}],"replies":[{"embeddable":true,"href":"https:\/\/latitude64.org\/rajalla\/index.php?rest_route=%2Fwp%2Fv2%2Fcomments&post=47"}],"version-history":[{"count":9,"href":"https:\/\/latitude64.org\/rajalla\/index.php?rest_route=\/wp\/v2\/pages\/47\/revisions"}],"predecessor-version":[{"id":60,"href":"https:\/\/latitude64.org\/rajalla\/index.php?rest_route=\/wp\/v2\/pages\/47\/revisions\/60"}],"wp:attachment":[{"href":"https:\/\/latitude64.org\/rajalla\/index.php?rest_route=%2Fwp%2Fv2%2Fmedia&parent=47"}],"curies":[{"name":"wp","href":"https:\/\/api.w.org\/{rel}","templated":true}]}}